{"id":4578,"date":"2023-09-28T14:48:17","date_gmt":"2023-09-28T12:48:17","guid":{"rendered":"http:\/\/www.majila.it\/?page_id=4578"},"modified":"2024-02-02T19:49:43","modified_gmt":"2024-02-02T18:49:43","slug":"tessuti","status":"publish","type":"page","link":"https:\/\/www.majila.it\/?page_id=4578","title":{"rendered":"TESSUTI"},"content":{"rendered":"\t\t<div data-elementor-type=\"wp-page\" data-elementor-id=\"4578\" class=\"elementor elementor-4578\">\n\t\t\t\t\t\t<section class=\"elementor-section elementor-top-section elementor-element elementor-element-7e34e787 elementor-section-boxed elementor-section-height-default elementor-section-height-default\" data-id=\"7e34e787\" data-element_type=\"section\" data-e-type=\"section\">\n\t\t\t\t\t\t<div class=\"elementor-container elementor-column-gap-default\">\n\t\t\t\t\t<div class=\"elementor-column elementor-col-100 elementor-top-column elementor-element elementor-element-f78bacd\" data-id=\"f78bacd\" data-element_type=\"column\" data-e-type=\"column\">\n\t\t\t<div class=\"elementor-widget-wrap\">\n\t\t\t\t\t\t\t<\/div>\n\t\t<\/div>\n\t\t\t\t\t<\/div>\n\t\t<\/section>\n\t\t\t\t<section class=\"elementor-section elementor-top-section elementor-element elementor-element-ad6942c elementor-section-boxed elementor-section-height-default elementor-section-height-default\" data-id=\"ad6942c\" data-element_type=\"section\" data-e-type=\"section\">\n\t\t\t\t\t\t<div class=\"elementor-container elementor-column-gap-default\">\n\t\t\t\t\t<div class=\"elementor-column elementor-col-33 elementor-top-column elementor-element elementor-element-cb92bdc\" data-id=\"cb92bdc\" data-element_type=\"column\" data-e-type=\"column\">\n\t\t\t<div class=\"elementor-widget-wrap elementor-element-populated\">\n\t\t\t\t\t\t<div class=\"elementor-element elementor-element-3aeac6a elementor-widget elementor-widget-image\" data-id=\"3aeac6a\" data-element_type=\"widget\" data-e-type=\"widget\" data-widget_type=\"image.default\">\n\t\t\t\t<div class=\"elementor-widget-container\">\n\t\t\t\t\t\t\t\t\t\t\t\t\t\t\t<img fetchpriority=\"high\" decoding=\"async\" width=\"894\" height=\"596\" src=\"https:\/\/www.majila.it\/wp-content\/uploads\/2023\/11\/618Q8CAsuSL._AC_UF8941000_QL80_.jpg\" class=\"attachment-large size-large wp-image-4667\" alt=\"\" srcset=\"https:\/\/www.majila.it\/wp-content\/uploads\/2023\/11\/618Q8CAsuSL._AC_UF8941000_QL80_.jpg 894w, https:\/\/www.majila.it\/wp-content\/uploads\/2023\/11\/618Q8CAsuSL._AC_UF8941000_QL80_-300x200.jpg 300w, https:\/\/www.majila.it\/wp-content\/uploads\/2023\/11\/618Q8CAsuSL._AC_UF8941000_QL80_-768x512.jpg 768w, https:\/\/www.majila.it\/wp-content\/uploads\/2023\/11\/618Q8CAsuSL._AC_UF8941000_QL80_-600x400.jpg 600w\" sizes=\"(max-width: 894px) 100vw, 894px\" \/>\t\t\t\t\t\t\t\t\t\t\t\t\t\t\t<\/div>\n\t\t\t\t<\/div>\n\t\t\t\t\t<\/div>\n\t\t<\/div>\n\t\t\t\t<div class=\"elementor-column elementor-col-66 elementor-top-column elementor-element elementor-element-80958e4\" data-id=\"80958e4\" data-element_type=\"column\" data-e-type=\"column\">\n\t\t\t<div class=\"elementor-widget-wrap elementor-element-populated\">\n\t\t\t\t\t\t<div class=\"elementor-element elementor-element-30f95c1 elementor-widget elementor-widget-text-editor\" data-id=\"30f95c1\" data-element_type=\"widget\" data-e-type=\"widget\" data-widget_type=\"text-editor.default\">\n\t\t\t\t<div class=\"elementor-widget-container\">\n\t\t\t\t\t\t\t\t\t<h2>Tessuto Tecnico<\/h2>\n<p>Performanti, Resistenti, Traspiranti.<\/p>\n<p>I tessuti tecnici dei nostri turbanti sono realizzati con fibre performanti per garantire il massimo confort e protezione in ogni situazione. \u00a0Questi tessuti spesso vengono utilizzati per realizzare capi sportivi, e si distinguono per traspirabilit\u00e0, leggerezza, resistenza all&#8217;uso e comfort.<\/p>\t\t\t\t\t\t\t\t<\/div>\n\t\t\t\t<\/div>\n\t\t\t\t\t<\/div>\n\t\t<\/div>\n\t\t\t\t\t<\/div>\n\t\t<\/section>\n\t\t\t\t<section class=\"elementor-section elementor-top-section elementor-element elementor-element-3e55727 elementor-section-boxed elementor-section-height-default elementor-section-height-default\" data-id=\"3e55727\" data-element_type=\"section\" data-e-type=\"section\">\n\t\t\t\t\t\t<div class=\"elementor-container elementor-column-gap-default\">\n\t\t\t\t\t<div class=\"elementor-column elementor-col-66 elementor-top-column elementor-element elementor-element-12b0863\" data-id=\"12b0863\" data-element_type=\"column\" data-e-type=\"column\">\n\t\t\t<div class=\"elementor-widget-wrap elementor-element-populated\">\n\t\t\t\t\t\t<div class=\"elementor-element elementor-element-d1d56cf elementor-widget elementor-widget-text-editor\" data-id=\"d1d56cf\" data-element_type=\"widget\" data-e-type=\"widget\" data-widget_type=\"text-editor.default\">\n\t\t\t\t<div class=\"elementor-widget-container\">\n\t\t\t\t\t\t\t\t\t<h2>Cotone<\/h2>\n<p>Ipoallergenico, igroscopico, versatile<\/p>\n<p>Il cotone \u00e8 un tessuto naturale leggero e morbido con elevate propriet\u00e0 di assorbimento ed \u00e8 anche molto resistente. Essendo un tessuto ipoallergenico, pu\u00f2 essere utilizzato per ogni tipologia di pelle, inoltre, poich\u00e9 \u00e8 igroscopico, \u00e8 in grado di assorbire l&#8217;acqua e agevola la dispersione del calore corporeo. Un tessuto versatile adatto ad ogni stagione.<\/p>\t\t\t\t\t\t\t\t<\/div>\n\t\t\t\t<\/div>\n\t\t\t\t\t<\/div>\n\t\t<\/div>\n\t\t\t\t<div class=\"elementor-column elementor-col-33 elementor-top-column elementor-element elementor-element-b9aae0a\" data-id=\"b9aae0a\" data-element_type=\"column\" data-e-type=\"column\">\n\t\t\t<div class=\"elementor-widget-wrap elementor-element-populated\">\n\t\t\t\t\t\t<div class=\"elementor-element elementor-element-52c8134 elementor-widget elementor-widget-image\" data-id=\"52c8134\" data-element_type=\"widget\" data-e-type=\"widget\" data-widget_type=\"image.default\">\n\t\t\t\t<div class=\"elementor-widget-container\">\n\t\t\t\t\t\t\t\t\t\t\t\t\t\t\t<img decoding=\"async\" width=\"1024\" height=\"683\" src=\"https:\/\/www.majila.it\/wp-content\/uploads\/2023\/11\/tela-di-cotone-1024x683.jpg\" class=\"attachment-large size-large wp-image-4668\" alt=\"\" srcset=\"https:\/\/www.majila.it\/wp-content\/uploads\/2023\/11\/tela-di-cotone-1024x683.jpg 1024w, https:\/\/www.majila.it\/wp-content\/uploads\/2023\/11\/tela-di-cotone-300x200.jpg 300w, https:\/\/www.majila.it\/wp-content\/uploads\/2023\/11\/tela-di-cotone-768x512.jpg 768w, https:\/\/www.majila.it\/wp-content\/uploads\/2023\/11\/tela-di-cotone-600x400.jpg 600w, https:\/\/www.majila.it\/wp-content\/uploads\/2023\/11\/tela-di-cotone.jpg 1200w\" sizes=\"(max-width: 1024px) 100vw, 1024px\" \/>\t\t\t\t\t\t\t\t\t\t\t\t\t\t\t<\/div>\n\t\t\t\t<\/div>\n\t\t\t\t\t<\/div>\n\t\t<\/div>\n\t\t\t\t\t<\/div>\n\t\t<\/section>\n\t\t\t\t<section class=\"elementor-section elementor-top-section elementor-element elementor-element-1a4cc60 elementor-section-boxed elementor-section-height-default elementor-section-height-default\" data-id=\"1a4cc60\" data-element_type=\"section\" data-e-type=\"section\">\n\t\t\t\t\t\t<div class=\"elementor-container elementor-column-gap-default\">\n\t\t\t\t\t<div class=\"elementor-column elementor-col-33 elementor-top-column elementor-element elementor-element-af8d16c\" data-id=\"af8d16c\" data-element_type=\"column\" data-e-type=\"column\">\n\t\t\t<div class=\"elementor-widget-wrap elementor-element-populated\">\n\t\t\t\t\t\t<div class=\"elementor-element elementor-element-d100760 elementor-widget elementor-widget-image\" data-id=\"d100760\" data-element_type=\"widget\" data-e-type=\"widget\" data-widget_type=\"image.default\">\n\t\t\t\t<div class=\"elementor-widget-container\">\n\t\t\t\t\t\t\t\t\t\t\t\t\t\t\t<img decoding=\"async\" width=\"1000\" height=\"667\" src=\"https:\/\/www.majila.it\/wp-content\/uploads\/2024\/02\/Progetto-senza-titolo-2024-02-02T194653.079.png\" class=\"attachment-large size-large wp-image-5002\" alt=\"\" srcset=\"https:\/\/www.majila.it\/wp-content\/uploads\/2024\/02\/Progetto-senza-titolo-2024-02-02T194653.079.png 1000w, https:\/\/www.majila.it\/wp-content\/uploads\/2024\/02\/Progetto-senza-titolo-2024-02-02T194653.079-300x200.png 300w, https:\/\/www.majila.it\/wp-content\/uploads\/2024\/02\/Progetto-senza-titolo-2024-02-02T194653.079-768x512.png 768w, https:\/\/www.majila.it\/wp-content\/uploads\/2024\/02\/Progetto-senza-titolo-2024-02-02T194653.079-600x400.png 600w\" sizes=\"(max-width: 1000px) 100vw, 1000px\" \/>\t\t\t\t\t\t\t\t\t\t\t\t\t\t\t<\/div>\n\t\t\t\t<\/div>\n\t\t\t\t\t<\/div>\n\t\t<\/div>\n\t\t\t\t<div class=\"elementor-column elementor-col-66 elementor-top-column elementor-element elementor-element-b9c6d69\" data-id=\"b9c6d69\" data-element_type=\"column\" data-e-type=\"column\">\n\t\t\t<div class=\"elementor-widget-wrap elementor-element-populated\">\n\t\t\t\t\t\t<div class=\"elementor-element elementor-element-c4b4c9e elementor-widget elementor-widget-text-editor\" data-id=\"c4b4c9e\" data-element_type=\"widget\" data-e-type=\"widget\" data-widget_type=\"text-editor.default\">\n\t\t\t\t<div class=\"elementor-widget-container\">\n\t\t\t\t\t\t\t\t\t<h2>Ciniglia<\/h2>\n<p>Morbida, traspirante, delicata<\/p>\n<p>La ciniglia \u00e8 un tessuto realizzato a maglia che si ottiene dalla lavorazione di un filo realizzato con due materiali diversi, uno sottile e robusto e uno grosso e morbido. Le sue caratteristiche principali sono la morbidezza, la delicatezza e l&#8217;elasticit\u00e0.<\/p>\n<p>I turbanti in ciniglia sono ideali da indossare nelle mezze stagioni e in inverno. Questo meraviglioso tessuto, morbido e vellutato, coccola la pelle, in effetti \u00e8 uno dei tessuti pi\u00f9 utilizzati per i pi\u00f9 piccoli, oltre ad essere versatile, elastico, confortevole e caldo.<\/p>\t\t\t\t\t\t\t\t<\/div>\n\t\t\t\t<\/div>\n\t\t\t\t\t<\/div>\n\t\t<\/div>\n\t\t\t\t\t<\/div>\n\t\t<\/section>\n\t\t\t\t<section class=\"elementor-section elementor-top-section elementor-element elementor-element-0f7297a elementor-section-boxed elementor-section-height-default elementor-section-height-default\" data-id=\"0f7297a\" data-element_type=\"section\" data-e-type=\"section\">\n\t\t\t\t\t\t<div class=\"elementor-container elementor-column-gap-default\">\n\t\t\t\t\t<div class=\"elementor-column elementor-col-66 elementor-top-column elementor-element elementor-element-e708f7e\" data-id=\"e708f7e\" data-element_type=\"column\" data-e-type=\"column\">\n\t\t\t<div class=\"elementor-widget-wrap elementor-element-populated\">\n\t\t\t\t\t\t<div class=\"elementor-element elementor-element-352641b elementor-widget elementor-widget-text-editor\" data-id=\"352641b\" data-element_type=\"widget\" data-e-type=\"widget\" data-widget_type=\"text-editor.default\">\n\t\t\t\t<div class=\"elementor-widget-container\">\n\t\t\t\t\t\t\t\t\t<h2>Bamb\u00f9<\/h2>\n<p>Morbido, traspirante, ipoallergenico.<\/p>\n<p>Il bamb\u00f9 offre propriet\u00e0 e benefici particolarmente adatti a pelli sensibili e facilmente irritabili. Grazie alla presenza nella trama di molteplici cavit\u00e0 e cuscinetti d&#8217;aria, il bamb\u00f9 rende i turbanti altamente traspiranti con un&#8217;elevata capacit\u00e0 di assorbire il sudore. Inoltre, questo tessuto \u00e8 in grado di donare freschezza mantenendo la temperatura corporea costante e allontanando i cattivi odori. Al tatto si presenta morbido, setoso e delicato, ed \u00e8 in grado di prevenire arrossamenti. Possiede naturalmente uno speciale agente antibatterico poich\u00e9 la sua azione antitermica \u00e8 antiacaro fa s\u00ec che il 90% di questi ospiti indesiderati muoiano nel giro di 24 ore. La fibra di bamb\u00f9 fornisce inoltre un alto fattore di protezione solare.<\/p>\t\t\t\t\t\t\t\t<\/div>\n\t\t\t\t<\/div>\n\t\t\t\t\t<\/div>\n\t\t<\/div>\n\t\t\t\t<div class=\"elementor-column elementor-col-33 elementor-top-column elementor-element elementor-element-93ba088\" data-id=\"93ba088\" data-element_type=\"column\" data-e-type=\"column\">\n\t\t\t<div class=\"elementor-widget-wrap elementor-element-populated\">\n\t\t\t\t\t\t<div class=\"elementor-element elementor-element-7ea4500 elementor-widget elementor-widget-image\" data-id=\"7ea4500\" data-element_type=\"widget\" data-e-type=\"widget\" data-widget_type=\"image.default\">\n\t\t\t\t<div class=\"elementor-widget-container\">\n\t\t\t\t\t\t\t\t\t\t\t\t\t\t\t<img loading=\"lazy\" decoding=\"async\" width=\"640\" height=\"480\" src=\"https:\/\/www.majila.it\/wp-content\/uploads\/2023\/11\/FT1126B.jpg\" class=\"attachment-large size-large wp-image-4670\" alt=\"\" srcset=\"https:\/\/www.majila.it\/wp-content\/uploads\/2023\/11\/FT1126B.jpg 640w, https:\/\/www.majila.it\/wp-content\/uploads\/2023\/11\/FT1126B-300x225.jpg 300w, https:\/\/www.majila.it\/wp-content\/uploads\/2023\/11\/FT1126B-600x450.jpg 600w\" sizes=\"(max-width: 640px) 100vw, 640px\" \/>\t\t\t\t\t\t\t\t\t\t\t\t\t\t\t<\/div>\n\t\t\t\t<\/div>\n\t\t\t\t\t<\/div>\n\t\t<\/div>\n\t\t\t\t\t<\/div>\n\t\t<\/section>\n\t\t\t\t<\/div>\n\t\t","protected":false},"excerpt":{"rendered":"<p>Tessuto Tecnico Performanti, Resistenti, Traspiranti. I tessuti tecnici dei nostri turbanti sono realizzati con fibre performanti per garantire il massimo confort e protezione in ogni situazione. \u00a0Questi tessuti spesso vengono utilizzati per realizzare capi sportivi, e si distinguono per traspirabilit\u00e0, leggerezza, resistenza all&#8217;uso e comfort. Cotone Ipoallergenico, igroscopico, versatile Il cotone \u00e8 un tessuto naturale [&hellip;]<\/p>\n","protected":false},"author":1,"featured_media":0,"parent":0,"menu_order":0,"comment_status":"closed","ping_status":"closed","template":"","meta":{"_uag_custom_page_level_css":"","site-sidebar-layout":"no-sidebar","site-content-layout":"page-builder","ast-site-content-layout":"default","site-content-style":"default","site-sidebar-style":"default","ast-global-header-display":"","ast-banner-title-visibility":"","ast-main-header-display":"","ast-hfb-above-header-display":"","ast-hfb-below-header-display":"","ast-hfb-mobile-header-display":"","site-post-title":"disabled","ast-breadcrumbs-content":"","ast-featured-img":"disabled","footer-sml-layout":"","theme-transparent-header-meta":"","adv-header-id-meta":"","stick-header-meta":"","header-above-stick-meta":"","header-main-stick-meta":"","header-below-stick-meta":"","astra-migrate-meta-layouts":"set","ast-page-background-enabled":"default","ast-page-background-meta":{"desktop":{"background-color":"","background-image":"","background-repeat":"repeat","background-position":"center center","background-size":"auto","background-attachment":"scroll","background-type":"","background-media":"","overlay-type":"","overlay-color":"","overlay-opacity":"","overlay-gradient":""},"tablet":{"background-color":"","background-image":"","background-repeat":"repeat","background-position":"center center","background-size":"auto","background-attachment":"scroll","background-type":"","background-media":"","overlay-type":"","overlay-color":"","overlay-opacity":"","overlay-gradient":""},"mobile":{"background-color":"","background-image":"","background-repeat":"repeat","background-position":"center center","background-size":"auto","background-attachment":"scroll","background-type":"","background-media":"","overlay-type":"","overlay-color":"","overlay-opacity":"","overlay-gradient":""}},"ast-content-background-meta":{"desktop":{"background-color":"var(--ast-global-color-5)","background-image":"","background-repeat":"repeat","background-position":"center center","background-size":"auto","background-attachment":"scroll","background-type":"","background-media":"","overlay-type":"","overlay-color":"","overlay-opacity":"","overlay-gradient":""},"tablet":{"background-color":"var(--ast-global-color-5)","background-image":"","background-repeat":"repeat","background-position":"center center","background-size":"auto","background-attachment":"scroll","background-type":"","background-media":"","overlay-type":"","overlay-color":"","overlay-opacity":"","overlay-gradient":""},"mobile":{"background-color":"var(--ast-global-color-5)","background-image":"","background-repeat":"repeat","background-position":"center center","background-size":"auto","background-attachment":"scroll","background-type":"","background-media":"","overlay-type":"","overlay-color":"","overlay-opacity":"","overlay-gradient":""}},"footnotes":""},"class_list":["post-4578","page","type-page","status-publish","hentry"],"jetpack_sharing_enabled":true,"uagb_featured_image_src":{"full":false,"thumbnail":false,"medium":false,"medium_large":false,"large":false,"1536x1536":false,"2048x2048":false,"woocommerce_thumbnail":false,"woocommerce_single":false,"woocommerce_gallery_thumbnail":false},"uagb_author_info":{"display_name":"paolosar25","author_link":"https:\/\/www.majila.it\/?author=1"},"uagb_comment_info":0,"uagb_excerpt":"Tessuto Tecnico Performanti, Resistenti, Traspiranti. I tessuti tecnici dei nostri turbanti sono realizzati con fibre performanti per garantire il massimo confort e protezione in ogni situazione. \u00a0Questi tessuti spesso vengono utilizzati per realizzare capi sportivi, e si distinguono per traspirabilit\u00e0, leggerezza, resistenza all&#8217;uso e comfort. Cotone Ipoallergenico, igroscopico, versatile Il cotone \u00e8 un tessuto naturale&hellip;","_links":{"self":[{"href":"https:\/\/www.majila.it\/index.php?rest_route=\/wp\/v2\/pages\/4578","targetHints":{"allow":["GET"]}}],"collection":[{"href":"https:\/\/www.majila.it\/index.php?rest_route=\/wp\/v2\/pages"}],"about":[{"href":"https:\/\/www.majila.it\/index.php?rest_route=\/wp\/v2\/types\/page"}],"author":[{"embeddable":true,"href":"https:\/\/www.majila.it\/index.php?rest_route=\/wp\/v2\/users\/1"}],"replies":[{"embeddable":true,"href":"https:\/\/www.majila.it\/index.php?rest_route=%2Fwp%2Fv2%2Fcomments&post=4578"}],"version-history":[{"count":19,"href":"https:\/\/www.majila.it\/index.php?rest_route=\/wp\/v2\/pages\/4578\/revisions"}],"predecessor-version":[{"id":5254,"href":"https:\/\/www.majila.it\/index.php?rest_route=\/wp\/v2\/pages\/4578\/revisions\/5254"}],"wp:attachment":[{"href":"https:\/\/www.majila.it\/index.php?rest_route=%2Fwp%2Fv2%2Fmedia&parent=4578"}],"curies":[{"name":"wp","href":"https:\/\/api.w.org\/{rel}","templated":true}]}}